{"id":266480,"date":"2025-03-05T14:21:32","date_gmt":"2025-03-05T13:21:32","guid":{"rendered":"https:\/\/beepaths.com\/politicaz-de-privacidad\/"},"modified":"2026-04-09T14:47:24","modified_gmt":"2026-04-09T12:47:24","slug":"politicaz-de-privacidad","status":"publish","type":"page","link":"https:\/\/beepaths.com\/pt-pt\/politicaz-de-privacidad\/","title":{"rendered":"Pol\u00edtica de privacidade"},"content":{"rendered":"<p>[et_pb_section fb_built=&#8221;1&#8243; admin_label=&#8221;section&#8221; _builder_version=&#8221;4.16&#8243; _module_preset=&#8221;default&#8221; global_colors_info=&#8221;{}&#8221; theme_builder_area=&#8221;post_content&#8221;][et_pb_row custom_padding_last_edited=&#8221;on|phone&#8221; admin_label=&#8221;row&#8221; _builder_version=&#8221;4.25.1&#8243; _module_preset=&#8221;default&#8221; width=&#8221;90%&#8221; width_tablet=&#8221;90%&#8221; width_phone=&#8221;80%&#8221; width_last_edited=&#8221;on|phone&#8221; custom_padding=&#8221;0px||55px||false|false&#8221; custom_padding_tablet=&#8221;0px||40px||false|false&#8221; custom_padding_phone=&#8221;||30px||false|false&#8221; global_colors_info=&#8221;{}&#8221; theme_builder_area=&#8221;post_content&#8221;][et_pb_column type=&#8221;4_4&#8243; _builder_version=&#8221;4.16&#8243; _module_preset=&#8221;default&#8221; custom_padding=&#8221;|||&#8221; global_colors_info=&#8221;{}&#8221; custom_padding__hover=&#8221;|||&#8221; theme_builder_area=&#8221;post_content&#8221;][et_pb_text header_font=&#8221;|700|||||||&#8221; header_2_font=&#8221;|&#8211;et_global_heading_font_weight|||||||&#8221; admin_label=&#8221;Text&#8221; module_class=&#8221;formato-limpio&#8221; _builder_version=&#8221;4.25.1&#8243; _module_preset=&#8221;_initial&#8221; link_font=&#8221;Roboto|600|||||||&#8221; header_3_font=&#8221;|700|||||||&#8221; header_4_font=&#8221;|700|||||||&#8221; header_5_font=&#8221;|700|||||||&#8221; background_size=&#8221;initial&#8221; background_position=&#8221;top_left&#8221; background_repeat=&#8221;repeat&#8221; locked=&#8221;off&#8221; global_colors_info=&#8221;{%22gcid-5f004868-e4e7-49d0-bd70-7b381caaecc7%22:%91%22text_text_color%22,%22header_3_text_color%22,%22text_text_color%22,%22header_3_text_color%22%93}&#8221; theme_builder_area=&#8221;post_content&#8221;]<\/p>\n<h1>Detalhes da nossa pol\u00edtica de privacidade.<\/h1>\n<p>A presente Pol\u00edtica de Privacidade destina-se a informar sobre o tratamento que fazemos dos dados de car\u00e1ter pessoal dos utilizadores e clientes que visitam o nosso website, bem como das condi\u00e7\u00f5es de utiliza\u00e7\u00e3o, em cumprimento da Lei Org\u00e2nica 3\/2018, de 5 de dezembro, de Prote\u00e7\u00e3o de Dados Pessoais e garantia dos direitos digitais (LOPD), bem como do Regulamento (UE) 2016\/679 do Parlamento Europeu e do Conselho, de 27 de abril de 2016, relativo \u00e0 prote\u00e7\u00e3o das pessoas singulares no que diz respeito ao tratamento de dados pessoais e \u00e0 livre circula\u00e7\u00e3o desses dados (RGPD) e demais legisla\u00e7\u00e3o aplic\u00e1vel para o efeito.<\/p>\n<h3>Identifica\u00e7\u00e3o do respons\u00e1vel pelo tratamento<\/h3>\n<p><strong>Titular:<\/strong> Innova Telecom S.L. (doravante, a Empresa)<\/p>\n<p><strong>Marca registrada<\/strong>: Beepaths<\/p>\n<p><strong>NIPC\/NIF (CIF):<\/strong> B91266833<\/p>\n<p><strong>Domicilio fiscal:<\/strong> Avenida de Huelva 12, Espartinas, Sevilla, Espa\u00f1a.<\/p>\n<p><strong>Sede principal:<\/strong> Av. Diego Mart\u00ednez Barrio 10, planta 2, 41013 Sevilla, Espa\u00f1a <\/p>\n<p><strong>Tel\u00e9fono de contacto:<\/strong> (+34) 955087700<\/p>\n<p><strong>Correio:<\/strong> info@itsoft.es<\/p>\n<h3>Finalidade do tratamento de dados<\/h3>\n<p>Em cumprimento com o disposto na legisla\u00e7\u00e3o em vigor e respetiva regulamenta\u00e7\u00e3o de desenvolvimento, informamos que os dados pessoais e informa\u00e7\u00f5es que nos faculte ao preencher qualquer formul\u00e1rio eletr\u00f3nico dispon\u00edvel em https:\/\/www.beepaths.com (doravante &#8220;Website&#8221;) ser\u00e3o incorporados num ficheiro de dados de car\u00e1ter pessoal, propriedade da Empresa.<\/p>\n<p>A finalidade do tratamento dos dados \u00e9 dar seguimento ao seu pedido. As perguntas inclu\u00eddas em cada um dos formul\u00e1rios de contacto dispon\u00edveis s\u00e3o de car\u00e1ter volunt\u00e1rio, exceto aquelas indicadas como obrigat\u00f3rias. Caso n\u00e3o responda \u00e0s perguntas obrigat\u00f3rias, a Empresa reserva-se o direito de n\u00e3o processar pedidos incompletos.  <\/p>\n<p>Especificamente, a finalidade do tratamento que a Empresa faz dos seus dados \u00e9 a seguinte:<\/p>\n<ul>\n<li>Consultas, reclama\u00e7\u00f5es, pedidos e exerc\u00edcio de direitos dos utilizadores que visitam o website.<\/li>\n<li>Preven\u00e7\u00e3o de ataques inform\u00e1ticos ao website, monitoriza\u00e7\u00e3o e controlo da utiliza\u00e7\u00e3o para prevenir e detetar o uso fraudulento do mesmo, acesso n\u00e3o autorizado, altera\u00e7\u00e3o ou perda de informa\u00e7\u00e3o que possa gerar responsabilidades civis, criminais e\/ou administrativas para o website.<\/li>\n<li>Informa\u00e7\u00e3o comercial. Se o utilizador der o seu consentimento ao Website, enviaremos comunica\u00e7\u00f5es comerciais sobre os nossos servi\u00e7os e informa\u00e7\u00f5es de interesse de forma n\u00e3o excessiva. <\/li>\n<li>Gest\u00e3o de cookies no website: O uso, finalidade e gest\u00e3o est\u00e3o resumidos na Pol\u00edtica de Cookies.<\/li>\n<\/ul>\n<h3>Origem, destinat\u00e1rios e exclus\u00e3o de tratamento de dados pessoais<\/h3>\n<p>Presume-se que a origem dos dados pessoais que o website pode tratar foi, a todo o momento, facultada pelo utilizador e\/ou cliente atrav\u00e9s dos diferentes meios dispon\u00edveis (formul\u00e1rio web, correio eletr\u00f3nico, registo no website), onde podem constar dados como o nome, apelidos, morada, telefone, correio eletr\u00f3nico, etc. O utilizador \u00e9 o \u00fanico respons\u00e1vel pela veracidade e atualiza\u00e7\u00e3o dos seus dados. <\/p>\n<p>Os destinat\u00e1rios dos dados pessoais tratados pela empresa s\u00e3o os profissionais e o pessoal laboral que prestam os seus servi\u00e7os na empresa.<\/p>\n<p>A empresa exclui expressamente o tratamento de dados pessoais de menores de idade, exceto se expressamente autorizado pelos pais ou tutores legais.<\/p>\n<h3>Legitimidade<\/h3>\n<p>O tratamento dos dados do utilizador \u00e9 realizado com as seguintes bases jur\u00eddicas que o legitimam:<\/p>\n<ul>\n<li>O pedido de informa\u00e7\u00e3o e\/ou a contrata\u00e7\u00e3o dos servi\u00e7os oferecidos pelo website, cujos termos e condi\u00e7\u00f5es ser\u00e3o disponibilizados ao utilizador em todo o caso, previamente, para a sua expressa aceita\u00e7\u00e3o.<\/li>\n<li>O consentimento livre, espec\u00edfico, informado e inequ\u00edvoco do utilizador, disponibilizando-lhe a presente pol\u00edtica de privacidade, que dever\u00e1 aceitar mediante uma declara\u00e7\u00e3o ou uma clara a\u00e7\u00e3o afirmativa, como a marca\u00e7\u00e3o de uma caixa disposta para o efeito.<\/li>\n<\/ul>\n<h3>Conserva\u00e7\u00e3o dos dados pessoais<\/h3>\n<p>O website conservar\u00e1 os seus dados durante o tempo necess\u00e1rio para dar resposta ao pedido requerido pelos utilizadores.<\/p>\n<p>N\u00e3o obstante, por imperativo legal, se algum dos dados de car\u00e1ter pessoal do utilizador estiver relacionado com algumas das seguintes obriga\u00e7\u00f5es do portal, ser\u00e1 conservado pelo prazo disposto na respetiva legisla\u00e7\u00e3o para o efeito:<\/p>\n<ul>\n<li>3 anos: Infra\u00e7\u00f5es em mat\u00e9ria laboral. (Art. 4.1 RDL 5\/2000) <\/li>\n<li>4 anos: Infra\u00e7\u00f5es em mat\u00e9ria de Seguran\u00e7a Social. (Art. 4.2 RDL 5\/2000) <\/li>\n<li>4 anos: Fiscal. Liquidar ou exigir o pagamento de d\u00edvidas tribut\u00e1rias. (Art. 66 Lei 58\/2003)  <\/li>\n<li>5 anos: Infra\u00e7\u00f5es em mat\u00e9ria de Preven\u00e7\u00e3o de Riscos Profissionais. (Art. 4.3 RDL 5\/2000) <\/li>\n<li>6 anos: Contabilidade e comercial. Art. 30 C\u00f3digo Comercial <\/li>\n<li>10 anos: Fiscal. Verifica\u00e7\u00e3o das bases ou quotas compensadas ou pendentes de compensa\u00e7\u00e3o ou de dedu\u00e7\u00f5es aplicadas ou pendentes de aplica\u00e7\u00e3o. (Art. 66 bis Ley 58\/2003)  <\/li>\n<li>10 anos: Crimes contra a Fazenda P\u00fablica e a Seguran\u00e7a Social. (131 LO 10\/1995) <\/li>\n<\/ul>\n<p>Os curr\u00edculos entregues em conformidade com o ponto 2 ser\u00e3o eliminados 3 anos ap\u00f3s a sua entrega. No entanto, caso n\u00e3o deseje que conservemos os seus dados curriculares para futuros processos de sele\u00e7\u00e3o em que o perfil requerido possa adequar-se \u00e0s suas caracter\u00edsticas profissionais, pode manifestar a sua oposi\u00e7\u00e3o a qualquer momento. Se n\u00e3o manifestar tal oposi\u00e7\u00e3o, agradecemos antecipadamente que nos comunique qualquer altera\u00e7\u00e3o nos seus dados que possa ocorrer.  <\/p>\n<h3>Destinat\u00e1rios<\/h3>\n<p>Os dados n\u00e3o ser\u00e3o comunicados a terceiros alheios \u00e0 empresa, exceto por obriga\u00e7\u00e3o legal ou, em qualquer caso, mediante pr\u00e9vio pedido de consentimento do utilizador.<\/p>\n<p>Por outro lado, a empresa poder\u00e1 dar acesso ou transmitir os dados pessoais fornecidos pelo utilizador a terceiros prestadores de servi\u00e7os, com os quais tenha celebrado acordos de subcontrata\u00e7\u00e3o de tratamento de dados, e que apenas acedam a essa informa\u00e7\u00e3o para prestar um servi\u00e7o em favor e por conta do respons\u00e1vel.<\/p>\n<h3>Reten\u00e7\u00e3o de dados<\/h3>\n<p>A empresa informa o utilizador de que, como prestadora de servi\u00e7o de alojamento de dados e em virtude do estabelecido na Lei 34\/2002, de 11 de julho, de Servi\u00e7os da Sociedade da Informa\u00e7\u00e3o e de Com\u00e9rcio Eletr\u00f3nico (LSSI), ret\u00e9m por um per\u00edodo m\u00e1ximo de 12 meses a informa\u00e7\u00e3o indispens\u00e1vel para identificar a origem dos dados alojados e o momento em que se iniciou a presta\u00e7\u00e3o do servi\u00e7o.<\/p>\n<p>A reten\u00e7\u00e3o destes dados n\u00e3o afeta o segredo das comunica\u00e7\u00f5es e apenas poder\u00e1 ser utilizada no \u00e2mbito de uma investiga\u00e7\u00e3o criminal ou para a salvaguarda da seguran\u00e7a p\u00fablica, sendo disponibilizada aos ju\u00edzes e\/ou tribunais ou ao Minist\u00e9rio que assim o requeira.<\/p>\n<p>A comunica\u00e7\u00e3o de dados \u00e0s For\u00e7as e Corpos de Seguran\u00e7a do Estado ser\u00e1 feita em virtude do disposto pela regulamenta\u00e7\u00e3o sobre prote\u00e7\u00e3o de dados pessoais, e sob o m\u00e1ximo respeito pela mesma.<\/p>\n<h3>Prote\u00e7\u00e3o da informa\u00e7\u00e3o alojada<\/h3>\n<p>O respons\u00e1vel pelo tratamento adota as medidas necess\u00e1rias para garantir a seguran\u00e7a, integridade e confidencialidade dos dados conforme o disposto no Regulamento (UE) 2016\/679 do Parlamento Europeu e do Conselho, de 27 de abril de 2016, relativo \u00e0 prote\u00e7\u00e3o das pessoas singulares no que diz respeito ao tratamento de dados pessoais e \u00e0 livre circula\u00e7\u00e3o dos mesmos.<\/p>\n<h3>Exerc\u00edcio de direitos<\/h3>\n<p>A empresa informa o utilizador de que lhe assistem os direitos de acesso, retifica\u00e7\u00e3o, limita\u00e7\u00e3o, elimina\u00e7\u00e3o (apagamento), oposi\u00e7\u00e3o e portabilidade, os quais poder\u00e1 exercer mediante pedido dirigido ao correio eletr\u00f3nico: info@itsoft.es.<\/p>\n<p>Al\u00e9m disso, o utilizador tem o direito de revogar o consentimento inicialmente prestado e de apresentar reclama\u00e7\u00f5es de direitos junto da Agencia Espa\u00f1ola de Protecci\u00f3n de Datos (AEPD).<\/p>\n<h3>Comunica\u00e7\u00f5es comerciais por via eletr\u00f3nica<\/h3>\n<p>Em aplica\u00e7\u00e3o da LSSI (Lei dos Servi\u00e7os da Sociedade da Informa\u00e7\u00e3o), a empresa n\u00e3o enviar\u00e1 comunica\u00e7\u00f5es publicit\u00e1rias ou promocionais por correio eletr\u00f3nico ou outro meio de comunica\u00e7\u00e3o eletr\u00f3nica equivalente que previamente n\u00e3o tenham sido solicitadas ou expressamente autorizadas pelos destinat\u00e1rios das mesmas.<\/p>\n<p>No caso de utilizadores com os quais exista uma rela\u00e7\u00e3o contratual, jur\u00eddica ou de servi\u00e7os pr\u00e9via, o respons\u00e1vel pelo tratamento est\u00e1 autorizado ao envio de comunica\u00e7\u00f5es comerciais referentes a produtos ou servi\u00e7os do respons\u00e1vel que sejam similares aos que inicialmente foram objeto de contrata\u00e7\u00e3o com o cliente.<\/p>\n<p>No caso de o utilizador pretender anular a subscri\u00e7\u00e3o para deixar de receber as referidas comunica\u00e7\u00f5es, poder\u00e1 faz\u00ea-lo remetendo a sua vontade por e-mail para o correio eletr\u00f3nico: <a href=\"mailto:info@itsoft.es\">info@itsoft.es.<\/a><\/p>\n<h3>Informa\u00e7\u00e3o sobre Clarity<\/h3>\n<p>Associ\u00e1mo-nos com a Microsoft Clarity e a Microsoft Advertising para capturar como utiliza e interage com o nosso website atrav\u00e9s de m\u00e9tricas de comportamento, mapas de calor e repeti\u00e7\u00e3o de sess\u00f5es, a fim de melhorar e comercializar os nossos produtos\/servi\u00e7os. Os dados de utiliza\u00e7\u00e3o do website s\u00e3o capturados utilizando cookies pr\u00f3prios e de terceiros e outras tecnologias de rastreamento para determinar a popularidade de produtos\/servi\u00e7os e a atividade online. Al\u00e9m disso, utilizamos estas informa\u00e7\u00f5es para otimiza\u00e7\u00e3o do site, fins de fraude\/seguran\u00e7a e publicidade. Para obter mais informa\u00e7\u00f5es sobre como a Microsoft recolhe e utiliza os seus dados, visite a Declara\u00e7\u00e3o de Privacidade da <a href=\"https:\/\/privacy.microsoft.com\/privacystatement\" data-linktype=\"external\">Microsoft<\/a>.   <\/p>\n<p>&nbsp;<\/p>\n<p>&nbsp;<\/p>\n<p>&nbsp;<\/p>\n<p>&nbsp;<\/p>\n<p>[\/et_pb_text][\/et_pb_column][\/et_pb_row][\/et_pb_section]<\/p>\n","protected":false},"excerpt":{"rendered":"<p>Detalhes da nossa pol\u00edtica de privacidade. A presente Pol\u00edtica de Privacidade destina-se a informar sobre o tratamento que fazemos dos dados de car\u00e1ter pessoal dos utilizadores e clientes que visitam o nosso website, bem como das condi\u00e7\u00f5es de utiliza\u00e7\u00e3o, em cumprimento da Lei Org\u00e2nica 3\/2018, de 5 de dezembro, de Prote\u00e7\u00e3o de Dados Pessoais e garantia dos direitos digitais (LOPD), bem como do Regulamento (UE) 2016\/679 do Parlamento Europeu e do Conselho, de 27 de abril de 2016, relativo \u00e0 prote\u00e7\u00e3o das pessoas singulares no que diz respeito ao tratamento de dados pessoais e \u00e0 livre circula\u00e7\u00e3o desses dados (RGPD) e demais legisla\u00e7\u00e3o aplic\u00e1vel para o efeito. Identifica\u00e7\u00e3o do respons\u00e1vel pelo tratamento Titular: Innova Telecom S.L. (doravante, a Empresa) Marca registrada: Beepaths NIPC\/NIF (CIF): B91266833 Domicilio fiscal: Avenida de Huelva 12, Espartinas, Sevilla, Espa\u00f1a. Sede principal: Av. Diego Mart\u00ednez Barrio 10, planta 2, 41013 Sevilla, Espa\u00f1a Tel\u00e9fono de contacto: (+34) 955087700 Correio: info@itsoft.es Finalidade do tratamento de dados Em cumprimento com o disposto na legisla\u00e7\u00e3o em vigor e respetiva regulamenta\u00e7\u00e3o de desenvolvimento, informamos que os dados pessoais e informa\u00e7\u00f5es que nos faculte ao preencher qualquer formul\u00e1rio eletr\u00f3nico dispon\u00edvel em https:\/\/www.beepaths.com (doravante &#8220;Website&#8221;) ser\u00e3o incorporados num ficheiro de dados de car\u00e1ter [&hellip;]<\/p>\n","protected":false},"author":1,"featured_media":0,"parent":0,"menu_order":0,"comment_status":"closed","ping_status":"closed","template":"","meta":{"_et_pb_use_builder":"on","_et_pb_old_content":"","_et_gb_content_width":"","inline_featured_image":false,"footnotes":""},"class_list":["post-266480","page","type-page","status-publish","hentry"],"yoast_head":"<!-- This site is optimized with the Yoast SEO plugin v27.3 - https:\/\/yoast.com\/product\/yoast-seo-wordpress\/ -->\n<title>Pol\u00edtica de Privacidade | Prote\u00e7\u00e3o de Dados - Beepaths<\/title>\n<meta name=\"description\" content=\"Consulte a nossa pol\u00edtica de privacidade. Saiba como a Beepaths e a ITSOFT protegem os seus dados pessoais e garantem a seguran\u00e7a da informa\u00e7\u00e3o do seu museu.\" \/>\n<meta name=\"robots\" content=\"index, follow, max-snippet:-1, max-image-preview:large, max-video-preview:-1\" \/>\n<link rel=\"canonical\" href=\"https:\/\/beepaths.com\/pt-pt\/politicaz-de-privacidad\/\" \/>\n<meta property=\"og:locale\" content=\"pt_PT\" \/>\n<meta property=\"og:type\" content=\"article\" \/>\n<meta property=\"og:title\" content=\"Pol\u00edtica de Privacidade | Prote\u00e7\u00e3o de Dados - Beepaths\" \/>\n<meta property=\"og:description\" content=\"Consulte a nossa pol\u00edtica de privacidade. Saiba como a Beepaths e a ITSOFT protegem os seus dados pessoais e garantem a seguran\u00e7a da informa\u00e7\u00e3o do seu museu.\" \/>\n<meta property=\"og:url\" content=\"https:\/\/beepaths.com\/pt-pt\/politicaz-de-privacidad\/\" \/>\n<meta property=\"og:site_name\" content=\"Beepaths\" \/>\n<meta property=\"article:modified_time\" content=\"2026-04-09T12:47:24+00:00\" \/>\n<meta name=\"twitter:card\" content=\"summary_large_image\" \/>\n<meta name=\"twitter:label1\" content=\"Tempo estimado de leitura\" \/>\n\t<meta name=\"twitter:data1\" content=\"9 minutos\" \/>\n<script type=\"application\/ld+json\" class=\"yoast-schema-graph\">{\"@context\":\"https:\\\/\\\/schema.org\",\"@graph\":[{\"@type\":\"WebPage\",\"@id\":\"https:\\\/\\\/beepaths.com\\\/pt-pt\\\/politicaz-de-privacidad\\\/\",\"url\":\"https:\\\/\\\/beepaths.com\\\/pt-pt\\\/politicaz-de-privacidad\\\/\",\"name\":\"Pol\u00edtica de Privacidade | Prote\u00e7\u00e3o de Dados - Beepaths\",\"isPartOf\":{\"@id\":\"https:\\\/\\\/beepaths.com\\\/pt-pt\\\/#website\"},\"datePublished\":\"2025-03-05T13:21:32+00:00\",\"dateModified\":\"2026-04-09T12:47:24+00:00\",\"description\":\"Consulte a nossa pol\u00edtica de privacidade. Saiba como a Beepaths e a ITSOFT protegem os seus dados pessoais e garantem a seguran\u00e7a da informa\u00e7\u00e3o do seu museu.\",\"breadcrumb\":{\"@id\":\"https:\\\/\\\/beepaths.com\\\/pt-pt\\\/politicaz-de-privacidad\\\/#breadcrumb\"},\"inLanguage\":\"pt-PT\",\"potentialAction\":[{\"@type\":\"ReadAction\",\"target\":[\"https:\\\/\\\/beepaths.com\\\/pt-pt\\\/politicaz-de-privacidad\\\/\"]}]},{\"@type\":\"BreadcrumbList\",\"@id\":\"https:\\\/\\\/beepaths.com\\\/pt-pt\\\/politicaz-de-privacidad\\\/#breadcrumb\",\"itemListElement\":[{\"@type\":\"ListItem\",\"position\":1,\"name\":\"Portada\",\"item\":\"https:\\\/\\\/beepaths.com\\\/pt-pt\\\/beepaths\\\/\"},{\"@type\":\"ListItem\",\"position\":2,\"name\":\"Pol\u00edtica de privacidade\"}]},{\"@type\":\"WebSite\",\"@id\":\"https:\\\/\\\/beepaths.com\\\/pt-pt\\\/#website\",\"url\":\"https:\\\/\\\/beepaths.com\\\/pt-pt\\\/\",\"name\":\"Beepaths\",\"description\":\"Audiogu\u00eda oficial para museos\",\"publisher\":{\"@id\":\"https:\\\/\\\/beepaths.com\\\/pt-pt\\\/#organization\"},\"potentialAction\":[{\"@type\":\"SearchAction\",\"target\":{\"@type\":\"EntryPoint\",\"urlTemplate\":\"https:\\\/\\\/beepaths.com\\\/pt-pt\\\/?s={search_term_string}\"},\"query-input\":{\"@type\":\"PropertyValueSpecification\",\"valueRequired\":true,\"valueName\":\"search_term_string\"}}],\"inLanguage\":\"pt-PT\"},{\"@type\":\"Organization\",\"@id\":\"https:\\\/\\\/beepaths.com\\\/pt-pt\\\/#organization\",\"name\":\"Beepaths\",\"url\":\"https:\\\/\\\/beepaths.com\\\/pt-pt\\\/\",\"logo\":{\"@type\":\"ImageObject\",\"inLanguage\":\"pt-PT\",\"@id\":\"https:\\\/\\\/beepaths.com\\\/pt-pt\\\/#\\\/schema\\\/logo\\\/image\\\/\",\"url\":\"https:\\\/\\\/beepaths.com\\\/wp-content\\\/uploads\\\/beepaths-brand-light.svg\",\"contentUrl\":\"https:\\\/\\\/beepaths.com\\\/wp-content\\\/uploads\\\/beepaths-brand-light.svg\",\"width\":702,\"height\":131,\"caption\":\"Beepaths\"},\"image\":{\"@id\":\"https:\\\/\\\/beepaths.com\\\/pt-pt\\\/#\\\/schema\\\/logo\\\/image\\\/\"}}]}<\/script>\n<!-- \/ Yoast SEO plugin. -->","yoast_head_json":{"title":"Pol\u00edtica de Privacidade | Prote\u00e7\u00e3o de Dados - Beepaths","description":"Consulte a nossa pol\u00edtica de privacidade. Saiba como a Beepaths e a ITSOFT protegem os seus dados pessoais e garantem a seguran\u00e7a da informa\u00e7\u00e3o do seu museu.","robots":{"index":"index","follow":"follow","max-snippet":"max-snippet:-1","max-image-preview":"max-image-preview:large","max-video-preview":"max-video-preview:-1"},"canonical":"https:\/\/beepaths.com\/pt-pt\/politicaz-de-privacidad\/","og_locale":"pt_PT","og_type":"article","og_title":"Pol\u00edtica de Privacidade | Prote\u00e7\u00e3o de Dados - Beepaths","og_description":"Consulte a nossa pol\u00edtica de privacidade. Saiba como a Beepaths e a ITSOFT protegem os seus dados pessoais e garantem a seguran\u00e7a da informa\u00e7\u00e3o do seu museu.","og_url":"https:\/\/beepaths.com\/pt-pt\/politicaz-de-privacidad\/","og_site_name":"Beepaths","article_modified_time":"2026-04-09T12:47:24+00:00","twitter_card":"summary_large_image","twitter_misc":{"Tempo estimado de leitura":"9 minutos"},"schema":{"@context":"https:\/\/schema.org","@graph":[{"@type":"WebPage","@id":"https:\/\/beepaths.com\/pt-pt\/politicaz-de-privacidad\/","url":"https:\/\/beepaths.com\/pt-pt\/politicaz-de-privacidad\/","name":"Pol\u00edtica de Privacidade | Prote\u00e7\u00e3o de Dados - Beepaths","isPartOf":{"@id":"https:\/\/beepaths.com\/pt-pt\/#website"},"datePublished":"2025-03-05T13:21:32+00:00","dateModified":"2026-04-09T12:47:24+00:00","description":"Consulte a nossa pol\u00edtica de privacidade. Saiba como a Beepaths e a ITSOFT protegem os seus dados pessoais e garantem a seguran\u00e7a da informa\u00e7\u00e3o do seu museu.","breadcrumb":{"@id":"https:\/\/beepaths.com\/pt-pt\/politicaz-de-privacidad\/#breadcrumb"},"inLanguage":"pt-PT","potentialAction":[{"@type":"ReadAction","target":["https:\/\/beepaths.com\/pt-pt\/politicaz-de-privacidad\/"]}]},{"@type":"BreadcrumbList","@id":"https:\/\/beepaths.com\/pt-pt\/politicaz-de-privacidad\/#breadcrumb","itemListElement":[{"@type":"ListItem","position":1,"name":"Portada","item":"https:\/\/beepaths.com\/pt-pt\/beepaths\/"},{"@type":"ListItem","position":2,"name":"Pol\u00edtica de privacidade"}]},{"@type":"WebSite","@id":"https:\/\/beepaths.com\/pt-pt\/#website","url":"https:\/\/beepaths.com\/pt-pt\/","name":"Beepaths","description":"Audiogu\u00eda oficial para museos","publisher":{"@id":"https:\/\/beepaths.com\/pt-pt\/#organization"},"potentialAction":[{"@type":"SearchAction","target":{"@type":"EntryPoint","urlTemplate":"https:\/\/beepaths.com\/pt-pt\/?s={search_term_string}"},"query-input":{"@type":"PropertyValueSpecification","valueRequired":true,"valueName":"search_term_string"}}],"inLanguage":"pt-PT"},{"@type":"Organization","@id":"https:\/\/beepaths.com\/pt-pt\/#organization","name":"Beepaths","url":"https:\/\/beepaths.com\/pt-pt\/","logo":{"@type":"ImageObject","inLanguage":"pt-PT","@id":"https:\/\/beepaths.com\/pt-pt\/#\/schema\/logo\/image\/","url":"https:\/\/beepaths.com\/wp-content\/uploads\/beepaths-brand-light.svg","contentUrl":"https:\/\/beepaths.com\/wp-content\/uploads\/beepaths-brand-light.svg","width":702,"height":131,"caption":"Beepaths"},"image":{"@id":"https:\/\/beepaths.com\/pt-pt\/#\/schema\/logo\/image\/"}}]}},"_links":{"self":[{"href":"https:\/\/beepaths.com\/pt-pt\/wp-json\/wp\/v2\/pages\/266480","targetHints":{"allow":["GET"]}}],"collection":[{"href":"https:\/\/beepaths.com\/pt-pt\/wp-json\/wp\/v2\/pages"}],"about":[{"href":"https:\/\/beepaths.com\/pt-pt\/wp-json\/wp\/v2\/types\/page"}],"author":[{"embeddable":true,"href":"https:\/\/beepaths.com\/pt-pt\/wp-json\/wp\/v2\/users\/1"}],"replies":[{"embeddable":true,"href":"https:\/\/beepaths.com\/pt-pt\/wp-json\/wp\/v2\/comments?post=266480"}],"version-history":[{"count":9,"href":"https:\/\/beepaths.com\/pt-pt\/wp-json\/wp\/v2\/pages\/266480\/revisions"}],"predecessor-version":[{"id":266596,"href":"https:\/\/beepaths.com\/pt-pt\/wp-json\/wp\/v2\/pages\/266480\/revisions\/266596"}],"wp:attachment":[{"href":"https:\/\/beepaths.com\/pt-pt\/wp-json\/wp\/v2\/media?parent=266480"}],"curies":[{"name":"wp","href":"https:\/\/api.w.org\/{rel}","templated":true}]}}